{"id":1832,"date":"2020-04-26T17:16:50","date_gmt":"2020-04-26T17:16:50","guid":{"rendered":"http:\/\/kaniel.acceseo.com.es\/?page_id=1832"},"modified":"2022-01-03T07:30:53","modified_gmt":"2022-01-03T07:30:53","slug":"politique-des-cookies","status":"publish","type":"page","link":"https:\/\/kaniel-agency.com\/fr\/politique-des-cookies\/","title":{"rendered":"Pol\u00edtica de cookies"},"content":{"rendered":"\t\t<div data-elementor-type=\"wp-page\" data-elementor-id=\"1832\" class=\"elementor elementor-1832 elementor-563\" data-elementor-post-type=\"page\">\n\t\t\t\t\t\t<section class=\"elementor-section elementor-top-section elementor-element elementor-element-32ef697 elementor-section-full_width elementor-reverse-mobile elementor-section-height-default elementor-section-height-default\" data-id=\"32ef697\" data-element_type=\"section\" data-e-type=\"section\">\n\t\t\t\t\t\t<div class=\"elementor-container elementor-column-gap-default\">\n\t\t\t\t\t<div class=\"elementor-column elementor-col-100 elementor-top-column elementor-element elementor-element-a973f8c\" data-id=\"a973f8c\" data-element_type=\"column\" data-e-type=\"column\">\n\t\t\t<div class=\"elementor-widget-wrap elementor-element-populated\">\n\t\t\t\t\t\t<div class=\"elementor-element elementor-element-f3d522d elementor-widget elementor-widget-breadcrumbs\" data-id=\"f3d522d\" data-element_type=\"widget\" data-e-type=\"widget\" data-widget_type=\"breadcrumbs.default\">\n\t\t\t\t<div class=\"elementor-widget-container\">\n\t\t\t\t\t<p id=\"breadcrumbs\"><span><span><a href=\"https:\/\/kaniel-agency.com\/fr\/\">Accueil<\/a><\/span><\/span><\/p>\t\t\t\t<\/div>\n\t\t\t\t<\/div>\n\t\t\t\t\t<\/div>\n\t\t<\/div>\n\t\t\t\t\t<\/div>\n\t\t<\/section>\n\t\t\t\t<section class=\"elementor-section elementor-top-section elementor-element elementor-element-535fdd6 elementor-section-boxed elementor-section-height-default elementor-section-height-default\" data-id=\"535fdd6\" data-element_type=\"section\" data-e-type=\"section\">\n\t\t\t\t\t\t<div class=\"elementor-container elementor-column-gap-default\">\n\t\t\t\t\t<div class=\"elementor-column elementor-col-100 elementor-top-column elementor-element elementor-element-a689379\" data-id=\"a689379\" data-element_type=\"column\" data-e-type=\"column\">\n\t\t\t<div class=\"elementor-widget-wrap elementor-element-populated\">\n\t\t\t\t\t\t<div class=\"elementor-element elementor-element-5955ed5 elementor-widget elementor-widget-text-editor\" data-id=\"5955ed5\" data-element_type=\"widget\" data-e-type=\"widget\" data-widget_type=\"text-editor.default\">\n\t\t\t\t<div class=\"elementor-widget-container\">\n\t\t\t\t\t\t\t\t\t<h1>Politique des cookies<\/h1><p>Conform\u00e9ment aux dispositions de l&rsquo;article 22.2 de la loi 34\/2002, du 11 juillet, sur les services de la soci\u00e9t\u00e9 de l&rsquo;information et le commerce \u00e9lectronique, ce site web vous informe, dans cette section, de la politique de collecte et de traitement des cookies.<\/p><h2>Que sont les cookies ?<\/h2><p>Un cookie est un fichier qui est t\u00e9l\u00e9charg\u00e9 sur votre ordinateur lorsque vous acc\u00e9dez \u00e0 certains sites web. Les cookies permettent \u00e0 un site web, entre autres, de stocker et d&rsquo;extraire des informations sur les habitudes de navigation d&rsquo;un utilisateur ou de son ordinateur et, en fonction des informations qu&rsquo;ils contiennent et de la fa\u00e7on dont il utilise son ordinateur, ils peuvent \u00eatre utilis\u00e9s pour reconna\u00eetre l&rsquo;utilisateur.<\/p><h2>Quels types de cookies ce site web utilise-t-il ?<\/h2><p>Ce sont celles qui, trait\u00e9es par nous ou par des tiers, permettent de quantifier le nombre d&rsquo;utilisateurs et donc de faire la mesure et l&rsquo;analyse statistique de l&rsquo; utilisation faite par les utilisateurs du service offert. \u00c0 cette fin, votre navigation sur notre site web est analys\u00e9e afin d&rsquo;am\u00e9liorer les produits ou services que nous vous proposons.<\/p><h3>Cookies techniques :<\/h3><p>Les cookies sont ceux qui permettent \u00e0 l&rsquo;utilisateur de naviguer dans la zone restreinte et d&rsquo;utiliser ses diff\u00e9rentes fonctions, comme par exemple pour effectuer le processus d&rsquo;achat d&rsquo;un article.<\/p><h3>Les cookies de personnalisation :<\/h3><p>Ce sont celles qui permettent \u00e0 l&rsquo;utilisateur d&rsquo;acc\u00e9der au service avec certaines caract\u00e9ristiques g\u00e9n\u00e9rales pr\u00e9d\u00e9finies selon une s\u00e9rie de crit\u00e8res dans le terminal de l&rsquo;utilisateur, tels que la langue ou le type de navigateur par lequel l&rsquo;utilisateur se connecte au service.<\/p><h3>Les cookies publicitaires :<\/h3><p>Ce sont celles qui, trait\u00e9es par ce site ou par des tiers, permettent de g\u00e9rer au mieux les espaces publicitaires disponibles sur le site, en adaptant le contenu de la publicit\u00e9 au contenu du service demand\u00e9 ou \u00e0 l&rsquo;utilisation faite de notre site. Pour ce faire, nous pouvons analyser vos habitudes de navigation sur Internet et nous pouvons vous montrer des publicit\u00e9s li\u00e9es \u00e0<br \/>votre profil de navigation.<\/p><h3>Cookies publicitaires comportementaux :<\/h3><p>Ce sont celles qui permettent la gestion, de la mani\u00e8re la plus efficace, des espaces publicitaires que, dans leur cas, l&rsquo;\u00e9diteur a inclus dans une page web, une application ou une plateforme \u00e0 partir de laquelle il fournit le service demand\u00e9. Ce type de cookie stocke des informations sur le comportement des visiteurs obtenues par l&rsquo;observation continue de leurs habitudes de navigation, ce qui permet de d\u00e9velopper un profil sp\u00e9cifique pour afficher la publicit\u00e9 qui en d\u00e9coule.<\/p><h2>D\u00e9sactivation des cookies<\/h2><p>Vous pouvez autoriser, bloquer ou supprimer les cookies install\u00e9s sur votre ordinateur en param\u00e9trant les options du navigateur install\u00e9 sur votre ordinateur. La plupart des navigateurs web offrent la possibilit\u00e9 d&rsquo;autoriser, de bloquer ou de supprimer les co okies install\u00e9s sur votre<br \/>ordinateur. Vous pouvez ensuite acc\u00e9der aux param\u00e8tres des navigateurs web les plus courants pour accepter, installer ou d\u00e9sactiver les cookies : D\u00e9finir les cookies dans Google Chrome D\u00e9finir les cookies dans Microsoft Internet Explorer D\u00e9finir les cookies dans Mozilla Firefox D\u00e9finir les cookies dans Safari (Apple)<\/p><h2>Cookies de tiers<\/h2><p>Ce site web utilise des services de tiers pour collecter des informations \u00e0 des fins statistiques et d&rsquo;utilisation du web. Les cookies DoubleClick sont utilis\u00e9s pour am\u00e9liorer la publicit\u00e9 incluse sur le site web. Ils sont utilis\u00e9s pour cibler la publicit\u00e9 en fonction d&rsquo;un contenu pertinent pour un utilisateur, am\u00e9liorant ainsi la qualit\u00e9 de l&rsquo;exp\u00e9rience d&rsquo;utilisation du contenu. Nous utilisons notamment les services Google Adsense et Google Analytics pour nos statistiques et notre publicit\u00e9. Certains cookies sont essentiels au fonctionnement du site, par exemple le<br \/>navigateur int\u00e9gr\u00e9. Notre site comprend d&rsquo;autres fonctionnalit\u00e9s fournies par des tiers. Vous pouvez facilement partager le contenu sur les r\u00e9seaux sociaux tels que Facebook, Twitter ou Google +, gr\u00e2ce aux boutons que nous avons inclus \u00e0 cet effet.<\/p><h2>Avertissement concernant la suppression des cookies.<\/h2><p>Vous pouvez supprimer et bloquer tous les cookies de ce site, mais une partie du site ne fonctionnera pas ou la qualit\u00e9 de la page web pourrait \u00eatre affect\u00e9e. Si vous avez des questions sur notre politique en mati\u00e8re de cookies, vous pouvez contacter ce site web par le biais de notre rubrique \u00ab\u00a0Contactez-nous\u00a0\u00bb.<\/p>\t\t\t\t\t\t\t\t<\/div>\n\t\t\t\t<\/div>\n\t\t\t\t\t<\/div>\n\t\t<\/div>\n\t\t\t\t\t<\/div>\n\t\t<\/section>\n\t\t\t\t<\/div>\n\t\t","protected":false},"excerpt":{"rendered":"<p>Politique des cookies Conform\u00e9ment aux dispositions de l&rsquo;article 22.2 de la loi 34\/2002, du 11 juillet, sur les services de la soci\u00e9t\u00e9 de l&rsquo;information et le commerce \u00e9lectronique, ce site web vous informe, dans cette section, de la politique de collecte et de traitement des cookies. Que sont les cookies ? Un cookie est un [&hellip;]<\/p>\n","protected":false},"author":4,"featured_media":0,"parent":0,"menu_order":0,"comment_status":"closed","ping_status":"closed","template":"elementor_header_footer","meta":{"_acf_changed":false,"_ayudawp_aiss_exclude":false,"footnotes":""},"class_list":["post-1832","page","type-page","status-publish","hentry"],"acf":[],"yoast_head":"<!-- This site is optimized with the Yoast SEO plugin v27.2 - https:\/\/yoast.com\/product\/yoast-seo-wordpress\/ -->\n<title>Pol\u00edtica de cookies &#8226; Kaniel Agency<\/title>\n<meta name=\"robots\" content=\"noindex, follow\" \/>\n<meta property=\"og:locale\" content=\"fr_FR\" \/>\n<meta property=\"og:type\" content=\"article\" \/>\n<meta property=\"og:title\" content=\"Pol\u00edtica de cookies &#8226; Kaniel Agency\" \/>\n<meta property=\"og:description\" content=\"Politique des cookies Conform\u00e9ment aux dispositions de l&rsquo;article 22.2 de la loi 34\/2002, du 11 juillet, sur les services de la soci\u00e9t\u00e9 de l&rsquo;information et le commerce \u00e9lectronique, ce site web vous informe, dans cette section, de la politique de collecte et de traitement des cookies. Que sont les cookies ? Un cookie est un [&hellip;]\" \/>\n<meta property=\"og:url\" content=\"https:\/\/kaniel-agency.com\/fr\/politique-des-cookies\/\" \/>\n<meta property=\"og:site_name\" content=\"Kaniel Agency\" \/>\n<meta property=\"article:publisher\" content=\"https:\/\/www.facebook.com\/kanielagency\/\" \/>\n<meta property=\"article:modified_time\" content=\"2022-01-03T07:30:53+00:00\" \/>\n<meta property=\"og:image\" content=\"https:\/\/kaniel-agency.com\/wp-content\/uploads\/2020\/01\/servicio-ejemplo-1.png\" \/>\n\t<meta property=\"og:image:width\" content=\"746\" \/>\n\t<meta property=\"og:image:height\" content=\"545\" \/>\n\t<meta property=\"og:image:type\" content=\"image\/png\" \/>\n<meta name=\"twitter:card\" content=\"summary_large_image\" \/>\n<meta name=\"twitter:site\" content=\"@kanielagency\" \/>\n<meta name=\"twitter:label1\" content=\"Dur\u00e9e de lecture estim\u00e9e\" \/>\n\t<meta name=\"twitter:data1\" content=\"4 minutes\" \/>\n<script type=\"application\/ld+json\" class=\"yoast-schema-graph\">{\"@context\":\"https:\/\/schema.org\",\"@graph\":[{\"@type\":\"WebPage\",\"@id\":\"https:\/\/kaniel-agency.com\/fr\/politique-des-cookies\/\",\"url\":\"https:\/\/kaniel-agency.com\/fr\/politique-des-cookies\/\",\"name\":\"Pol\u00edtica de cookies &#8226; Kaniel Agency\",\"isPartOf\":{\"@id\":\"https:\/\/kaniel-agency.com\/fr\/#website\"},\"datePublished\":\"2020-04-26T17:16:50+00:00\",\"dateModified\":\"2022-01-03T07:30:53+00:00\",\"breadcrumb\":{\"@id\":\"https:\/\/kaniel-agency.com\/fr\/politique-des-cookies\/#breadcrumb\"},\"inLanguage\":\"fr-FR\",\"potentialAction\":[{\"@type\":\"ReadAction\",\"target\":[\"https:\/\/kaniel-agency.com\/fr\/politique-des-cookies\/\"]}]},{\"@type\":\"BreadcrumbList\",\"@id\":\"https:\/\/kaniel-agency.com\/fr\/politique-des-cookies\/#breadcrumb\",\"itemListElement\":[{\"@type\":\"ListItem\",\"position\":1,\"name\":\"Accueil\",\"item\":\"https:\/\/kaniel-agency.com\/fr\/\"},{\"@type\":\"ListItem\",\"position\":2,\"name\":\"Pol\u00edtica de cookies\"}]},{\"@type\":\"WebSite\",\"@id\":\"https:\/\/kaniel-agency.com\/fr\/#website\",\"url\":\"https:\/\/kaniel-agency.com\/fr\/\",\"name\":\"Kaniel Agency\",\"description\":\"Interiorism &amp; life style agency\",\"publisher\":{\"@id\":\"https:\/\/kaniel-agency.com\/fr\/#organization\"},\"potentialAction\":[{\"@type\":\"SearchAction\",\"target\":{\"@type\":\"EntryPoint\",\"urlTemplate\":\"https:\/\/kaniel-agency.com\/fr\/?s={search_term_string}\"},\"query-input\":{\"@type\":\"PropertyValueSpecification\",\"valueRequired\":true,\"valueName\":\"search_term_string\"}}],\"inLanguage\":\"fr-FR\"},{\"@type\":\"Organization\",\"@id\":\"https:\/\/kaniel-agency.com\/fr\/#organization\",\"name\":\"Kaniel Comercial, SL\",\"url\":\"https:\/\/kaniel-agency.com\/fr\/\",\"logo\":{\"@type\":\"ImageObject\",\"inLanguage\":\"fr-FR\",\"@id\":\"https:\/\/kaniel-agency.com\/fr\/#\/schema\/logo\/image\/\",\"url\":\"https:\/\/kaniel-agency.com\/wp-content\/uploads\/2020\/01\/logo-negro.svg\",\"contentUrl\":\"https:\/\/kaniel-agency.com\/wp-content\/uploads\/2020\/01\/logo-negro.svg\",\"width\":1,\"height\":1,\"caption\":\"Kaniel Comercial, SL\"},\"image\":{\"@id\":\"https:\/\/kaniel-agency.com\/fr\/#\/schema\/logo\/image\/\"},\"sameAs\":[\"https:\/\/www.facebook.com\/kanielagency\/\",\"https:\/\/x.com\/kanielagency\",\"https:\/\/www.linkedin.com\/company\/kanielagency\/\",\"https:\/\/www.instagram.com\/kanielagency\/\"]}]}<\/script>\n<!-- \/ Yoast SEO plugin. -->","yoast_head_json":{"title":"Pol\u00edtica de cookies &#8226; Kaniel Agency","robots":{"index":"noindex","follow":"follow"},"og_locale":"fr_FR","og_type":"article","og_title":"Pol\u00edtica de cookies &#8226; Kaniel Agency","og_description":"Politique des cookies Conform\u00e9ment aux dispositions de l&rsquo;article 22.2 de la loi 34\/2002, du 11 juillet, sur les services de la soci\u00e9t\u00e9 de l&rsquo;information et le commerce \u00e9lectronique, ce site web vous informe, dans cette section, de la politique de collecte et de traitement des cookies. Que sont les cookies ? Un cookie est un [&hellip;]","og_url":"https:\/\/kaniel-agency.com\/fr\/politique-des-cookies\/","og_site_name":"Kaniel Agency","article_publisher":"https:\/\/www.facebook.com\/kanielagency\/","article_modified_time":"2022-01-03T07:30:53+00:00","og_image":[{"width":746,"height":545,"url":"https:\/\/kaniel-agency.com\/wp-content\/uploads\/2020\/01\/servicio-ejemplo-1.png","type":"image\/png"}],"twitter_card":"summary_large_image","twitter_site":"@kanielagency","twitter_misc":{"Dur\u00e9e de lecture estim\u00e9e":"4 minutes"},"schema":{"@context":"https:\/\/schema.org","@graph":[{"@type":"WebPage","@id":"https:\/\/kaniel-agency.com\/fr\/politique-des-cookies\/","url":"https:\/\/kaniel-agency.com\/fr\/politique-des-cookies\/","name":"Pol\u00edtica de cookies &#8226; Kaniel Agency","isPartOf":{"@id":"https:\/\/kaniel-agency.com\/fr\/#website"},"datePublished":"2020-04-26T17:16:50+00:00","dateModified":"2022-01-03T07:30:53+00:00","breadcrumb":{"@id":"https:\/\/kaniel-agency.com\/fr\/politique-des-cookies\/#breadcrumb"},"inLanguage":"fr-FR","potentialAction":[{"@type":"ReadAction","target":["https:\/\/kaniel-agency.com\/fr\/politique-des-cookies\/"]}]},{"@type":"BreadcrumbList","@id":"https:\/\/kaniel-agency.com\/fr\/politique-des-cookies\/#breadcrumb","itemListElement":[{"@type":"ListItem","position":1,"name":"Accueil","item":"https:\/\/kaniel-agency.com\/fr\/"},{"@type":"ListItem","position":2,"name":"Pol\u00edtica de cookies"}]},{"@type":"WebSite","@id":"https:\/\/kaniel-agency.com\/fr\/#website","url":"https:\/\/kaniel-agency.com\/fr\/","name":"Kaniel Agency","description":"Interiorism &amp; life style agency","publisher":{"@id":"https:\/\/kaniel-agency.com\/fr\/#organization"},"potentialAction":[{"@type":"SearchAction","target":{"@type":"EntryPoint","urlTemplate":"https:\/\/kaniel-agency.com\/fr\/?s={search_term_string}"},"query-input":{"@type":"PropertyValueSpecification","valueRequired":true,"valueName":"search_term_string"}}],"inLanguage":"fr-FR"},{"@type":"Organization","@id":"https:\/\/kaniel-agency.com\/fr\/#organization","name":"Kaniel Comercial, SL","url":"https:\/\/kaniel-agency.com\/fr\/","logo":{"@type":"ImageObject","inLanguage":"fr-FR","@id":"https:\/\/kaniel-agency.com\/fr\/#\/schema\/logo\/image\/","url":"https:\/\/kaniel-agency.com\/wp-content\/uploads\/2020\/01\/logo-negro.svg","contentUrl":"https:\/\/kaniel-agency.com\/wp-content\/uploads\/2020\/01\/logo-negro.svg","width":1,"height":1,"caption":"Kaniel Comercial, SL"},"image":{"@id":"https:\/\/kaniel-agency.com\/fr\/#\/schema\/logo\/image\/"},"sameAs":["https:\/\/www.facebook.com\/kanielagency\/","https:\/\/x.com\/kanielagency","https:\/\/www.linkedin.com\/company\/kanielagency\/","https:\/\/www.instagram.com\/kanielagency\/"]}]}},"_links":{"self":[{"href":"https:\/\/kaniel-agency.com\/fr\/wp-json\/wp\/v2\/pages\/1832","targetHints":{"allow":["GET"]}}],"collection":[{"href":"https:\/\/kaniel-agency.com\/fr\/wp-json\/wp\/v2\/pages"}],"about":[{"href":"https:\/\/kaniel-agency.com\/fr\/wp-json\/wp\/v2\/types\/page"}],"author":[{"embeddable":true,"href":"https:\/\/kaniel-agency.com\/fr\/wp-json\/wp\/v2\/users\/4"}],"replies":[{"embeddable":true,"href":"https:\/\/kaniel-agency.com\/fr\/wp-json\/wp\/v2\/comments?post=1832"}],"version-history":[{"count":0,"href":"https:\/\/kaniel-agency.com\/fr\/wp-json\/wp\/v2\/pages\/1832\/revisions"}],"wp:attachment":[{"href":"https:\/\/kaniel-agency.com\/fr\/wp-json\/wp\/v2\/media?parent=1832"}],"curies":[{"name":"wp","href":"https:\/\/api.w.org\/{rel}","templated":true}]}}