{"id":1827,"date":"2020-01-08T12:39:02","date_gmt":"2020-01-08T12:39:02","guid":{"rendered":"http:\/\/kaniel.acceseo.com.es\/politica-privacidad\/"},"modified":"2022-01-03T07:32:08","modified_gmt":"2022-01-03T07:32:08","slug":"politique-privacite","status":"publish","type":"page","link":"https:\/\/kaniel-agency.com\/fr\/politique-privacite\/","title":{"rendered":"Politique de protection de la privacit\u00e9"},"content":{"rendered":"\t\t<div data-elementor-type=\"wp-page\" data-elementor-id=\"1827\" class=\"elementor elementor-1827 elementor-3\" data-elementor-post-type=\"page\">\n\t\t\t\t\t\t<section class=\"elementor-section elementor-top-section elementor-element elementor-element-296ff12 elementor-section-full_width elementor-reverse-mobile elementor-section-height-default elementor-section-height-default\" data-id=\"296ff12\" data-element_type=\"section\" data-e-type=\"section\">\n\t\t\t\t\t\t<div class=\"elementor-container elementor-column-gap-default\">\n\t\t\t\t\t<div class=\"elementor-column elementor-col-100 elementor-top-column elementor-element elementor-element-7ffe87e\" data-id=\"7ffe87e\" data-element_type=\"column\" data-e-type=\"column\">\n\t\t\t<div class=\"elementor-widget-wrap elementor-element-populated\">\n\t\t\t\t\t\t<div class=\"elementor-element elementor-element-881babb elementor-widget elementor-widget-breadcrumbs\" data-id=\"881babb\" data-element_type=\"widget\" data-e-type=\"widget\" data-widget_type=\"breadcrumbs.default\">\n\t\t\t\t<div class=\"elementor-widget-container\">\n\t\t\t\t\t<p id=\"breadcrumbs\"><span><span><a href=\"https:\/\/kaniel-agency.com\/fr\/\">Accueil<\/a><\/span><\/span><\/p>\t\t\t\t<\/div>\n\t\t\t\t<\/div>\n\t\t\t\t\t<\/div>\n\t\t<\/div>\n\t\t\t\t\t<\/div>\n\t\t<\/section>\n\t\t\t\t<section class=\"elementor-section elementor-top-section elementor-element elementor-element-420337f5 elementor-section-boxed elementor-section-height-default elementor-section-height-default\" data-id=\"420337f5\" data-element_type=\"section\" data-e-type=\"section\">\n\t\t\t\t\t\t<div class=\"elementor-container elementor-column-gap-default\">\n\t\t\t\t\t<div class=\"elementor-column elementor-col-100 elementor-top-column elementor-element elementor-element-236c8cf8\" data-id=\"236c8cf8\" data-element_type=\"column\" data-e-type=\"column\">\n\t\t\t<div class=\"elementor-widget-wrap elementor-element-populated\">\n\t\t\t\t\t\t<div class=\"elementor-element elementor-element-6c7ec35c elementor-widget elementor-widget-text-editor\" data-id=\"6c7ec35c\" data-element_type=\"widget\" data-e-type=\"widget\" data-widget_type=\"text-editor.default\">\n\t\t\t\t<div class=\"elementor-widget-container\">\n\t\t\t\t\t\t\t\t\t<h1>Politique de protection de la privacit\u00e9<\/h1>\nLe fait de remplir toutes les donn\u00e9es personnelles fournies dans les questionnaires sur le site web est totalement volontaire, mais n\u00e9cessaire pour la fluidit\u00e9 et l&#39;agilit\u00e9 de la relation avec Kaniel. <br>\n\nLes donn\u00e9es seront inclues dans des fichiers automatis\u00e9s, qui seront utilis\u00e9s pour atteindre l&#39;objectif de Kaniel Comercial et seront trait\u00e9es de mani\u00e8re confidentielle aussi bien par Kaniel que par les entit\u00e9s qui interviennent conform\u00e9ment \u00e0 la finalit\u00e9 et \u00e0 l&#39;objet de la consultation. \n<br>\nSi l&#39;internaute n&#39;envisage pas l&#39;inclusion de ses donn\u00e9es dans ces fichiers ou leur traitement informatique ult\u00e9rieur, la consultation ne peut pas \u00eatre effectu\u00e9e. L&#39;internaute peut s&#39;adresser \u00e0 Kaniel pour \nemander la consultation, la rectification ou l&#39;annulation des donn\u00e9es fournies.\n\nL&#39;utilisateur peut ou nonautoriser express\u00e9ment Kaniel \u00e0 conserver et \u00e0 utiliser les donn\u00e9es pour proposer d&#39;autres services et produits.\t\t\t\t\t\t\t\t<\/div>\n\t\t\t\t<\/div>\n\t\t\t\t\t<\/div>\n\t\t<\/div>\n\t\t\t\t\t<\/div>\n\t\t<\/section>\n\t\t\t\t<\/div>\n\t\t","protected":false},"excerpt":{"rendered":"<p>Politique de protection de la privacit\u00e9 Le fait de remplir toutes les donn\u00e9es personnelles fournies dans les questionnaires sur le site web est totalement volontaire, mais n\u00e9cessaire pour la fluidit\u00e9 et l&#39;agilit\u00e9 de la relation avec Kaniel. Les donn\u00e9es seront inclues dans des fichiers automatis\u00e9s, qui seront utilis\u00e9s pour atteindre l&#39;objectif de Kaniel Comercial et [&hellip;]<\/p>\n","protected":false},"author":4,"featured_media":0,"parent":0,"menu_order":0,"comment_status":"closed","ping_status":"open","template":"elementor_header_footer","meta":{"_acf_changed":false,"_ayudawp_aiss_exclude":false,"footnotes":""},"class_list":["post-1827","page","type-page","status-publish","hentry"],"acf":[],"yoast_head":"<!-- This site is optimized with the Yoast SEO plugin v27.2 - https:\/\/yoast.com\/product\/yoast-seo-wordpress\/ -->\n<title>Politique de protection de la privacit\u00e9 &#8226; Kaniel Agency<\/title>\n<meta name=\"robots\" content=\"noindex, follow\" \/>\n<meta property=\"og:locale\" content=\"fr_FR\" \/>\n<meta property=\"og:type\" content=\"article\" \/>\n<meta property=\"og:title\" content=\"Politique de protection de la privacit\u00e9 &#8226; Kaniel Agency\" \/>\n<meta property=\"og:description\" content=\"Politique de protection de la privacit\u00e9 Le fait de remplir toutes les donn\u00e9es personnelles fournies dans les questionnaires sur le site web est totalement volontaire, mais n\u00e9cessaire pour la fluidit\u00e9 et l&#039;agilit\u00e9 de la relation avec Kaniel. Les donn\u00e9es seront inclues dans des fichiers automatis\u00e9s, qui seront utilis\u00e9s pour atteindre l&#039;objectif de Kaniel Comercial et [&hellip;]\" \/>\n<meta property=\"og:url\" content=\"https:\/\/kaniel-agency.com\/fr\/politique-privacite\/\" \/>\n<meta property=\"og:site_name\" content=\"Kaniel Agency\" \/>\n<meta property=\"article:publisher\" content=\"https:\/\/www.facebook.com\/kanielagency\/\" \/>\n<meta property=\"article:modified_time\" content=\"2022-01-03T07:32:08+00:00\" \/>\n<meta property=\"og:image\" content=\"https:\/\/kaniel-agency.com\/wp-content\/uploads\/2020\/01\/servicio-ejemplo-1.png\" \/>\n\t<meta property=\"og:image:width\" content=\"746\" \/>\n\t<meta property=\"og:image:height\" content=\"545\" \/>\n\t<meta property=\"og:image:type\" content=\"image\/png\" \/>\n<meta name=\"twitter:card\" content=\"summary_large_image\" \/>\n<meta name=\"twitter:site\" content=\"@kanielagency\" \/>\n<meta name=\"twitter:label1\" content=\"Dur\u00e9e de lecture estim\u00e9e\" \/>\n\t<meta name=\"twitter:data1\" content=\"1 minute\" \/>\n<script type=\"application\/ld+json\" class=\"yoast-schema-graph\">{\"@context\":\"https:\/\/schema.org\",\"@graph\":[{\"@type\":\"WebPage\",\"@id\":\"https:\/\/kaniel-agency.com\/fr\/politique-privacite\/\",\"url\":\"https:\/\/kaniel-agency.com\/fr\/politique-privacite\/\",\"name\":\"Politique de protection de la privacit\u00e9 &#8226; Kaniel Agency\",\"isPartOf\":{\"@id\":\"https:\/\/kaniel-agency.com\/fr\/#website\"},\"datePublished\":\"2020-01-08T12:39:02+00:00\",\"dateModified\":\"2022-01-03T07:32:08+00:00\",\"breadcrumb\":{\"@id\":\"https:\/\/kaniel-agency.com\/fr\/politique-privacite\/#breadcrumb\"},\"inLanguage\":\"fr-FR\",\"potentialAction\":[{\"@type\":\"ReadAction\",\"target\":[\"https:\/\/kaniel-agency.com\/fr\/politique-privacite\/\"]}]},{\"@type\":\"BreadcrumbList\",\"@id\":\"https:\/\/kaniel-agency.com\/fr\/politique-privacite\/#breadcrumb\",\"itemListElement\":[{\"@type\":\"ListItem\",\"position\":1,\"name\":\"Accueil\",\"item\":\"https:\/\/kaniel-agency.com\/fr\/\"},{\"@type\":\"ListItem\",\"position\":2,\"name\":\"Politique de protection de la privacit\u00e9\"}]},{\"@type\":\"WebSite\",\"@id\":\"https:\/\/kaniel-agency.com\/fr\/#website\",\"url\":\"https:\/\/kaniel-agency.com\/fr\/\",\"name\":\"Kaniel Agency\",\"description\":\"Interiorism &amp; life style agency\",\"publisher\":{\"@id\":\"https:\/\/kaniel-agency.com\/fr\/#organization\"},\"potentialAction\":[{\"@type\":\"SearchAction\",\"target\":{\"@type\":\"EntryPoint\",\"urlTemplate\":\"https:\/\/kaniel-agency.com\/fr\/?s={search_term_string}\"},\"query-input\":{\"@type\":\"PropertyValueSpecification\",\"valueRequired\":true,\"valueName\":\"search_term_string\"}}],\"inLanguage\":\"fr-FR\"},{\"@type\":\"Organization\",\"@id\":\"https:\/\/kaniel-agency.com\/fr\/#organization\",\"name\":\"Kaniel Comercial, SL\",\"url\":\"https:\/\/kaniel-agency.com\/fr\/\",\"logo\":{\"@type\":\"ImageObject\",\"inLanguage\":\"fr-FR\",\"@id\":\"https:\/\/kaniel-agency.com\/fr\/#\/schema\/logo\/image\/\",\"url\":\"https:\/\/kaniel-agency.com\/wp-content\/uploads\/2020\/01\/logo-negro.svg\",\"contentUrl\":\"https:\/\/kaniel-agency.com\/wp-content\/uploads\/2020\/01\/logo-negro.svg\",\"width\":1,\"height\":1,\"caption\":\"Kaniel Comercial, SL\"},\"image\":{\"@id\":\"https:\/\/kaniel-agency.com\/fr\/#\/schema\/logo\/image\/\"},\"sameAs\":[\"https:\/\/www.facebook.com\/kanielagency\/\",\"https:\/\/x.com\/kanielagency\",\"https:\/\/www.linkedin.com\/company\/kanielagency\/\",\"https:\/\/www.instagram.com\/kanielagency\/\"]}]}<\/script>\n<!-- \/ Yoast SEO plugin. -->","yoast_head_json":{"title":"Politique de protection de la privacit\u00e9 &#8226; Kaniel Agency","robots":{"index":"noindex","follow":"follow"},"og_locale":"fr_FR","og_type":"article","og_title":"Politique de protection de la privacit\u00e9 &#8226; Kaniel Agency","og_description":"Politique de protection de la privacit\u00e9 Le fait de remplir toutes les donn\u00e9es personnelles fournies dans les questionnaires sur le site web est totalement volontaire, mais n\u00e9cessaire pour la fluidit\u00e9 et l&#39;agilit\u00e9 de la relation avec Kaniel. Les donn\u00e9es seront inclues dans des fichiers automatis\u00e9s, qui seront utilis\u00e9s pour atteindre l&#39;objectif de Kaniel Comercial et [&hellip;]","og_url":"https:\/\/kaniel-agency.com\/fr\/politique-privacite\/","og_site_name":"Kaniel Agency","article_publisher":"https:\/\/www.facebook.com\/kanielagency\/","article_modified_time":"2022-01-03T07:32:08+00:00","og_image":[{"width":746,"height":545,"url":"https:\/\/kaniel-agency.com\/wp-content\/uploads\/2020\/01\/servicio-ejemplo-1.png","type":"image\/png"}],"twitter_card":"summary_large_image","twitter_site":"@kanielagency","twitter_misc":{"Dur\u00e9e de lecture estim\u00e9e":"1 minute"},"schema":{"@context":"https:\/\/schema.org","@graph":[{"@type":"WebPage","@id":"https:\/\/kaniel-agency.com\/fr\/politique-privacite\/","url":"https:\/\/kaniel-agency.com\/fr\/politique-privacite\/","name":"Politique de protection de la privacit\u00e9 &#8226; Kaniel Agency","isPartOf":{"@id":"https:\/\/kaniel-agency.com\/fr\/#website"},"datePublished":"2020-01-08T12:39:02+00:00","dateModified":"2022-01-03T07:32:08+00:00","breadcrumb":{"@id":"https:\/\/kaniel-agency.com\/fr\/politique-privacite\/#breadcrumb"},"inLanguage":"fr-FR","potentialAction":[{"@type":"ReadAction","target":["https:\/\/kaniel-agency.com\/fr\/politique-privacite\/"]}]},{"@type":"BreadcrumbList","@id":"https:\/\/kaniel-agency.com\/fr\/politique-privacite\/#breadcrumb","itemListElement":[{"@type":"ListItem","position":1,"name":"Accueil","item":"https:\/\/kaniel-agency.com\/fr\/"},{"@type":"ListItem","position":2,"name":"Politique de protection de la privacit\u00e9"}]},{"@type":"WebSite","@id":"https:\/\/kaniel-agency.com\/fr\/#website","url":"https:\/\/kaniel-agency.com\/fr\/","name":"Kaniel Agency","description":"Interiorism &amp; life style agency","publisher":{"@id":"https:\/\/kaniel-agency.com\/fr\/#organization"},"potentialAction":[{"@type":"SearchAction","target":{"@type":"EntryPoint","urlTemplate":"https:\/\/kaniel-agency.com\/fr\/?s={search_term_string}"},"query-input":{"@type":"PropertyValueSpecification","valueRequired":true,"valueName":"search_term_string"}}],"inLanguage":"fr-FR"},{"@type":"Organization","@id":"https:\/\/kaniel-agency.com\/fr\/#organization","name":"Kaniel Comercial, SL","url":"https:\/\/kaniel-agency.com\/fr\/","logo":{"@type":"ImageObject","inLanguage":"fr-FR","@id":"https:\/\/kaniel-agency.com\/fr\/#\/schema\/logo\/image\/","url":"https:\/\/kaniel-agency.com\/wp-content\/uploads\/2020\/01\/logo-negro.svg","contentUrl":"https:\/\/kaniel-agency.com\/wp-content\/uploads\/2020\/01\/logo-negro.svg","width":1,"height":1,"caption":"Kaniel Comercial, SL"},"image":{"@id":"https:\/\/kaniel-agency.com\/fr\/#\/schema\/logo\/image\/"},"sameAs":["https:\/\/www.facebook.com\/kanielagency\/","https:\/\/x.com\/kanielagency","https:\/\/www.linkedin.com\/company\/kanielagency\/","https:\/\/www.instagram.com\/kanielagency\/"]}]}},"_links":{"self":[{"href":"https:\/\/kaniel-agency.com\/fr\/wp-json\/wp\/v2\/pages\/1827","targetHints":{"allow":["GET"]}}],"collection":[{"href":"https:\/\/kaniel-agency.com\/fr\/wp-json\/wp\/v2\/pages"}],"about":[{"href":"https:\/\/kaniel-agency.com\/fr\/wp-json\/wp\/v2\/types\/page"}],"author":[{"embeddable":true,"href":"https:\/\/kaniel-agency.com\/fr\/wp-json\/wp\/v2\/users\/4"}],"replies":[{"embeddable":true,"href":"https:\/\/kaniel-agency.com\/fr\/wp-json\/wp\/v2\/comments?post=1827"}],"version-history":[{"count":0,"href":"https:\/\/kaniel-agency.com\/fr\/wp-json\/wp\/v2\/pages\/1827\/revisions"}],"wp:attachment":[{"href":"https:\/\/kaniel-agency.com\/fr\/wp-json\/wp\/v2\/media?parent=1827"}],"curies":[{"name":"wp","href":"https:\/\/api.w.org\/{rel}","templated":true}]}}